{"id":1578,"date":"2021-12-01T22:30:37","date_gmt":"2021-12-01T22:30:37","guid":{"rendered":"https:\/\/tilmar.wpengine.com\/collection\/"},"modified":"2022-01-07T20:09:05","modified_gmt":"2022-01-07T20:09:05","slug":"collection","status":"publish","type":"page","link":"https:\/\/tilmar.ca\/fr\/collection\/","title":{"rendered":"Collection"},"content":{"rendered":"","protected":false},"excerpt":{"rendered":"","protected":false},"author":2,"featured_media":0,"parent":0,"menu_order":0,"comment_status":"closed","ping_status":"closed","template":"page-templates\/collection-dev.php","meta":{"_acf_changed":false,"footnotes":""},"class_list":["post-1578","page","type-page","status-publish","hentry"],"acf":[],"yoast_head":"<!-- This site is optimized with the Yoast SEO plugin v23.3 - https:\/\/yoast.com\/wordpress\/plugins\/seo\/ -->\n<title>Nos collections de carreaux de c\u00e9ramique - Tilmar<\/title>\n<meta name=\"description\" content=\"Carreaux de c\u00e9ramique \u00e0 Montreal \u00e0 prix abordable pour tout projet.\" \/>\n<meta name=\"robots\" content=\"index, follow, max-snippet:-1, max-image-preview:large, max-video-preview:-1\" \/>\n<link rel=\"canonical\" href=\"https:\/\/tilmar.ca\/fr\/collection\/\" \/>\n<meta property=\"og:locale\" content=\"fr_FR\" \/>\n<meta property=\"og:type\" content=\"article\" \/>\n<meta property=\"og:title\" content=\"Nos collections de carreaux de c\u00e9ramique - Tilmar\" \/>\n<meta property=\"og:description\" content=\"Carreaux de c\u00e9ramique \u00e0 Montreal \u00e0 prix abordable pour tout projet.\" \/>\n<meta property=\"og:url\" content=\"https:\/\/tilmar.ca\/fr\/collection\/\" \/>\n<meta property=\"og:site_name\" content=\"Tilmar\" \/>\n<meta property=\"article:modified_time\" content=\"2022-01-07T20:09:05+00:00\" \/>\n<meta name=\"twitter:card\" content=\"summary_large_image\" \/>\n<script type=\"application\/ld+json\" class=\"yoast-schema-graph\">{\"@context\":\"https:\/\/schema.org\",\"@graph\":[{\"@type\":\"WebPage\",\"@id\":\"https:\/\/tilmar.ca\/fr\/collection\/\",\"url\":\"https:\/\/tilmar.ca\/fr\/collection\/\",\"name\":\"Nos collections de carreaux de c\u00e9ramique - Tilmar\",\"isPartOf\":{\"@id\":\"https:\/\/tilmar.ca\/fr\/#website\"},\"datePublished\":\"2021-12-01T22:30:37+00:00\",\"dateModified\":\"2022-01-07T20:09:05+00:00\",\"description\":\"Carreaux de c\u00e9ramique \u00e0 Montreal \u00e0 prix abordable pour tout projet.\",\"breadcrumb\":{\"@id\":\"https:\/\/tilmar.ca\/fr\/collection\/#breadcrumb\"},\"inLanguage\":\"fr-FR\",\"potentialAction\":[{\"@type\":\"ReadAction\",\"target\":[\"https:\/\/tilmar.ca\/fr\/collection\/\"]}]},{\"@type\":\"BreadcrumbList\",\"@id\":\"https:\/\/tilmar.ca\/fr\/collection\/#breadcrumb\",\"itemListElement\":[{\"@type\":\"ListItem\",\"position\":1,\"name\":\"Accueil\",\"item\":\"https:\/\/tilmar.ca\/fr\/sample-page\/\"},{\"@type\":\"ListItem\",\"position\":2,\"name\":\"Collection\"}]},{\"@type\":\"WebSite\",\"@id\":\"https:\/\/tilmar.ca\/fr\/#website\",\"url\":\"https:\/\/tilmar.ca\/fr\/\",\"name\":\"Tilmar\",\"description\":\"\",\"potentialAction\":[{\"@type\":\"SearchAction\",\"target\":{\"@type\":\"EntryPoint\",\"urlTemplate\":\"https:\/\/tilmar.ca\/fr\/?s={search_term_string}\"},\"query-input\":\"required name=search_term_string\"}],\"inLanguage\":\"fr-FR\"}]}<\/script>\n<!-- \/ Yoast SEO plugin. -->","yoast_head_json":{"title":"Nos collections de carreaux de c\u00e9ramique - Tilmar","description":"Carreaux de c\u00e9ramique \u00e0 Montreal \u00e0 prix abordable pour tout projet.","robots":{"index":"index","follow":"follow","max-snippet":"max-snippet:-1","max-image-preview":"max-image-preview:large","max-video-preview":"max-video-preview:-1"},"canonical":"https:\/\/tilmar.ca\/fr\/collection\/","og_locale":"fr_FR","og_type":"article","og_title":"Nos collections de carreaux de c\u00e9ramique - Tilmar","og_description":"Carreaux de c\u00e9ramique \u00e0 Montreal \u00e0 prix abordable pour tout projet.","og_url":"https:\/\/tilmar.ca\/fr\/collection\/","og_site_name":"Tilmar","article_modified_time":"2022-01-07T20:09:05+00:00","twitter_card":"summary_large_image","schema":{"@context":"https:\/\/schema.org","@graph":[{"@type":"WebPage","@id":"https:\/\/tilmar.ca\/fr\/collection\/","url":"https:\/\/tilmar.ca\/fr\/collection\/","name":"Nos collections de carreaux de c\u00e9ramique - Tilmar","isPartOf":{"@id":"https:\/\/tilmar.ca\/fr\/#website"},"datePublished":"2021-12-01T22:30:37+00:00","dateModified":"2022-01-07T20:09:05+00:00","description":"Carreaux de c\u00e9ramique \u00e0 Montreal \u00e0 prix abordable pour tout projet.","breadcrumb":{"@id":"https:\/\/tilmar.ca\/fr\/collection\/#breadcrumb"},"inLanguage":"fr-FR","potentialAction":[{"@type":"ReadAction","target":["https:\/\/tilmar.ca\/fr\/collection\/"]}]},{"@type":"BreadcrumbList","@id":"https:\/\/tilmar.ca\/fr\/collection\/#breadcrumb","itemListElement":[{"@type":"ListItem","position":1,"name":"Accueil","item":"https:\/\/tilmar.ca\/fr\/sample-page\/"},{"@type":"ListItem","position":2,"name":"Collection"}]},{"@type":"WebSite","@id":"https:\/\/tilmar.ca\/fr\/#website","url":"https:\/\/tilmar.ca\/fr\/","name":"Tilmar","description":"","potentialAction":[{"@type":"SearchAction","target":{"@type":"EntryPoint","urlTemplate":"https:\/\/tilmar.ca\/fr\/?s={search_term_string}"},"query-input":"required name=search_term_string"}],"inLanguage":"fr-FR"}]}},"_links":{"self":[{"href":"https:\/\/tilmar.ca\/fr\/wp-json\/wp\/v2\/pages\/1578","targetHints":{"allow":["GET"]}}],"collection":[{"href":"https:\/\/tilmar.ca\/fr\/wp-json\/wp\/v2\/pages"}],"about":[{"href":"https:\/\/tilmar.ca\/fr\/wp-json\/wp\/v2\/types\/page"}],"author":[{"embeddable":true,"href":"https:\/\/tilmar.ca\/fr\/wp-json\/wp\/v2\/users\/2"}],"replies":[{"embeddable":true,"href":"https:\/\/tilmar.ca\/fr\/wp-json\/wp\/v2\/comments?post=1578"}],"version-history":[{"count":0,"href":"https:\/\/tilmar.ca\/fr\/wp-json\/wp\/v2\/pages\/1578\/revisions"}],"wp:attachment":[{"href":"https:\/\/tilmar.ca\/fr\/wp-json\/wp\/v2\/media?parent=1578"}],"curies":[{"name":"wp","href":"https:\/\/api.w.org\/{rel}","templated":true}]}}