{"id":491,"date":"2021-07-22T12:14:09","date_gmt":"2021-07-22T12:14:09","guid":{"rendered":"https:\/\/tilmar.wpengine.com\/who-are-we\/"},"modified":"2025-07-14T16:19:59","modified_gmt":"2025-07-14T16:19:59","slug":"who-are-we","status":"publish","type":"page","link":"https:\/\/tilmar.ca\/fr\/who-are-we\/","title":{"rendered":"\u00c0 propos de nous"},"content":{"rendered":"","protected":false},"excerpt":{"rendered":"","protected":false},"author":2,"featured_media":1203,"parent":0,"menu_order":0,"comment_status":"closed","ping_status":"closed","template":"","meta":{"_acf_changed":false,"footnotes":""},"class_list":["post-491","page","type-page","status-publish","has-post-thumbnail","hentry"],"acf":[],"yoast_head":"<!-- This site is optimized with the Yoast SEO plugin v23.3 - https:\/\/yoast.com\/wordpress\/plugins\/seo\/ -->\n<title>Principal fabricant de carreaux de c\u00e9ramique dans l&#039;est du Canada - Tilmar<\/title>\n<meta name=\"description\" content=\"Au service de nos clients depuis plus de 40 ans. Tilmar\u00ae est un pionnier de l&#039;importation de c\u00e9ramique dans la r\u00e9gion de Montr\u00e9al.\" \/>\n<meta name=\"robots\" content=\"index, follow, max-snippet:-1, max-image-preview:large, max-video-preview:-1\" \/>\n<link rel=\"canonical\" href=\"https:\/\/tilmar.ca\/fr\/who-are-we\/\" \/>\n<meta property=\"og:locale\" content=\"fr_FR\" \/>\n<meta property=\"og:type\" content=\"article\" \/>\n<meta property=\"og:title\" content=\"Principal fabricant de carreaux de c\u00e9ramique dans l&#039;est du Canada - Tilmar\" \/>\n<meta property=\"og:description\" content=\"Au service de nos clients depuis plus de 40 ans. Tilmar\u00ae est un pionnier de l&#039;importation de c\u00e9ramique dans la r\u00e9gion de Montr\u00e9al.\" \/>\n<meta property=\"og:url\" content=\"https:\/\/tilmar.ca\/fr\/who-are-we\/\" \/>\n<meta property=\"og:site_name\" content=\"Tilmar\" \/>\n<meta property=\"article:modified_time\" content=\"2025-07-14T16:19:59+00:00\" \/>\n<meta property=\"og:image\" content=\"https:\/\/tilmar.ca\/wp-content\/uploads\/2021\/11\/about-2.png\" \/>\n\t<meta property=\"og:image:width\" content=\"2478\" \/>\n\t<meta property=\"og:image:height\" content=\"1092\" \/>\n\t<meta property=\"og:image:type\" content=\"image\/png\" \/>\n<meta name=\"twitter:card\" content=\"summary_large_image\" \/>\n<meta name=\"twitter:label1\" content=\"Dur\u00e9e de lecture estim\u00e9e\" \/>\n\t<meta name=\"twitter:data1\" content=\"1 minute\" \/>\n<script type=\"application\/ld+json\" class=\"yoast-schema-graph\">{\"@context\":\"https:\/\/schema.org\",\"@graph\":[{\"@type\":\"WebPage\",\"@id\":\"https:\/\/tilmar.ca\/fr\/who-are-we\/\",\"url\":\"https:\/\/tilmar.ca\/fr\/who-are-we\/\",\"name\":\"Principal fabricant de carreaux de c\u00e9ramique dans l'est du Canada - Tilmar\",\"isPartOf\":{\"@id\":\"https:\/\/tilmar.ca\/fr\/#website\"},\"primaryImageOfPage\":{\"@id\":\"https:\/\/tilmar.ca\/fr\/who-are-we\/#primaryimage\"},\"image\":{\"@id\":\"https:\/\/tilmar.ca\/fr\/who-are-we\/#primaryimage\"},\"thumbnailUrl\":\"https:\/\/tilmar.ca\/wp-content\/uploads\/2021\/11\/about-2.png\",\"datePublished\":\"2021-07-22T12:14:09+00:00\",\"dateModified\":\"2025-07-14T16:19:59+00:00\",\"description\":\"Au service de nos clients depuis plus de 40 ans. Tilmar\u00ae est un pionnier de l'importation de c\u00e9ramique dans la r\u00e9gion de Montr\u00e9al.\",\"breadcrumb\":{\"@id\":\"https:\/\/tilmar.ca\/fr\/who-are-we\/#breadcrumb\"},\"inLanguage\":\"fr-FR\",\"potentialAction\":[{\"@type\":\"ReadAction\",\"target\":[\"https:\/\/tilmar.ca\/fr\/who-are-we\/\"]}]},{\"@type\":\"ImageObject\",\"inLanguage\":\"fr-FR\",\"@id\":\"https:\/\/tilmar.ca\/fr\/who-are-we\/#primaryimage\",\"url\":\"https:\/\/tilmar.ca\/wp-content\/uploads\/2021\/11\/about-2.png\",\"contentUrl\":\"https:\/\/tilmar.ca\/wp-content\/uploads\/2021\/11\/about-2.png\",\"width\":2478,\"height\":1092},{\"@type\":\"BreadcrumbList\",\"@id\":\"https:\/\/tilmar.ca\/fr\/who-are-we\/#breadcrumb\",\"itemListElement\":[{\"@type\":\"ListItem\",\"position\":1,\"name\":\"Accueil\",\"item\":\"https:\/\/tilmar.ca\/fr\/sample-page\/\"},{\"@type\":\"ListItem\",\"position\":2,\"name\":\"\u00c0 propos de nous\"}]},{\"@type\":\"WebSite\",\"@id\":\"https:\/\/tilmar.ca\/fr\/#website\",\"url\":\"https:\/\/tilmar.ca\/fr\/\",\"name\":\"Tilmar\",\"description\":\"\",\"potentialAction\":[{\"@type\":\"SearchAction\",\"target\":{\"@type\":\"EntryPoint\",\"urlTemplate\":\"https:\/\/tilmar.ca\/fr\/?s={search_term_string}\"},\"query-input\":\"required name=search_term_string\"}],\"inLanguage\":\"fr-FR\"}]}<\/script>\n<!-- \/ Yoast SEO plugin. -->","yoast_head_json":{"title":"Principal fabricant de carreaux de c\u00e9ramique dans l'est du Canada - Tilmar","description":"Au service de nos clients depuis plus de 40 ans. Tilmar\u00ae est un pionnier de l'importation de c\u00e9ramique dans la r\u00e9gion de Montr\u00e9al.","robots":{"index":"index","follow":"follow","max-snippet":"max-snippet:-1","max-image-preview":"max-image-preview:large","max-video-preview":"max-video-preview:-1"},"canonical":"https:\/\/tilmar.ca\/fr\/who-are-we\/","og_locale":"fr_FR","og_type":"article","og_title":"Principal fabricant de carreaux de c\u00e9ramique dans l'est du Canada - Tilmar","og_description":"Au service de nos clients depuis plus de 40 ans. Tilmar\u00ae est un pionnier de l'importation de c\u00e9ramique dans la r\u00e9gion de Montr\u00e9al.","og_url":"https:\/\/tilmar.ca\/fr\/who-are-we\/","og_site_name":"Tilmar","article_modified_time":"2025-07-14T16:19:59+00:00","og_image":[{"width":2478,"height":1092,"url":"https:\/\/tilmar.ca\/wp-content\/uploads\/2021\/11\/about-2.png","type":"image\/png"}],"twitter_card":"summary_large_image","twitter_misc":{"Dur\u00e9e de lecture estim\u00e9e":"1 minute"},"schema":{"@context":"https:\/\/schema.org","@graph":[{"@type":"WebPage","@id":"https:\/\/tilmar.ca\/fr\/who-are-we\/","url":"https:\/\/tilmar.ca\/fr\/who-are-we\/","name":"Principal fabricant de carreaux de c\u00e9ramique dans l'est du Canada - Tilmar","isPartOf":{"@id":"https:\/\/tilmar.ca\/fr\/#website"},"primaryImageOfPage":{"@id":"https:\/\/tilmar.ca\/fr\/who-are-we\/#primaryimage"},"image":{"@id":"https:\/\/tilmar.ca\/fr\/who-are-we\/#primaryimage"},"thumbnailUrl":"https:\/\/tilmar.ca\/wp-content\/uploads\/2021\/11\/about-2.png","datePublished":"2021-07-22T12:14:09+00:00","dateModified":"2025-07-14T16:19:59+00:00","description":"Au service de nos clients depuis plus de 40 ans. Tilmar\u00ae est un pionnier de l'importation de c\u00e9ramique dans la r\u00e9gion de Montr\u00e9al.","breadcrumb":{"@id":"https:\/\/tilmar.ca\/fr\/who-are-we\/#breadcrumb"},"inLanguage":"fr-FR","potentialAction":[{"@type":"ReadAction","target":["https:\/\/tilmar.ca\/fr\/who-are-we\/"]}]},{"@type":"ImageObject","inLanguage":"fr-FR","@id":"https:\/\/tilmar.ca\/fr\/who-are-we\/#primaryimage","url":"https:\/\/tilmar.ca\/wp-content\/uploads\/2021\/11\/about-2.png","contentUrl":"https:\/\/tilmar.ca\/wp-content\/uploads\/2021\/11\/about-2.png","width":2478,"height":1092},{"@type":"BreadcrumbList","@id":"https:\/\/tilmar.ca\/fr\/who-are-we\/#breadcrumb","itemListElement":[{"@type":"ListItem","position":1,"name":"Accueil","item":"https:\/\/tilmar.ca\/fr\/sample-page\/"},{"@type":"ListItem","position":2,"name":"\u00c0 propos de nous"}]},{"@type":"WebSite","@id":"https:\/\/tilmar.ca\/fr\/#website","url":"https:\/\/tilmar.ca\/fr\/","name":"Tilmar","description":"","potentialAction":[{"@type":"SearchAction","target":{"@type":"EntryPoint","urlTemplate":"https:\/\/tilmar.ca\/fr\/?s={search_term_string}"},"query-input":"required name=search_term_string"}],"inLanguage":"fr-FR"}]}},"_links":{"self":[{"href":"https:\/\/tilmar.ca\/fr\/wp-json\/wp\/v2\/pages\/491","targetHints":{"allow":["GET"]}}],"collection":[{"href":"https:\/\/tilmar.ca\/fr\/wp-json\/wp\/v2\/pages"}],"about":[{"href":"https:\/\/tilmar.ca\/fr\/wp-json\/wp\/v2\/types\/page"}],"author":[{"embeddable":true,"href":"https:\/\/tilmar.ca\/fr\/wp-json\/wp\/v2\/users\/2"}],"replies":[{"embeddable":true,"href":"https:\/\/tilmar.ca\/fr\/wp-json\/wp\/v2\/comments?post=491"}],"version-history":[{"count":0,"href":"https:\/\/tilmar.ca\/fr\/wp-json\/wp\/v2\/pages\/491\/revisions"}],"wp:featuredmedia":[{"embeddable":true,"href":"https:\/\/tilmar.ca\/fr\/wp-json\/wp\/v2\/media\/1203"}],"wp:attachment":[{"href":"https:\/\/tilmar.ca\/fr\/wp-json\/wp\/v2\/media?parent=491"}],"curies":[{"name":"wp","href":"https:\/\/api.w.org\/{rel}","templated":true}]}}